{"id":546,"date":"2025-01-21T21:32:08","date_gmt":"2025-01-21T20:32:08","guid":{"rendered":"https:\/\/www.ingenieurbuero-mueller.de\/?page_id=546"},"modified":"2026-01-01T16:29:33","modified_gmt":"2026-01-01T15:29:33","slug":"philosophie","status":"publish","type":"page","link":"https:\/\/www.ingenieurbuero-mueller.de\/?page_id=546","title":{"rendered":"Philosophie"},"content":{"rendered":"\n<style type=\"text\/css\" data-created_by=\"avia_inline_auto\" id=\"style-css-av-m66x337h-5b39a89ab998680005113363311e8d5f\">\n.avia-section.av-m66x337h-5b39a89ab998680005113363311e8d5f{\nbackground-repeat:no-repeat;\nbackground-image:url(https:\/\/www.ingenieurbuero-mueller.de\/wp-content\/uploads\/2025\/01\/Elektroingenieurbuero-Dominik-Mueller-Elektroplatine-scaled.jpg);\nbackground-position:50% 100%;\nbackground-attachment:fixed;\n}\n.avia-section.av-m66x337h-5b39a89ab998680005113363311e8d5f .av-section-color-overlay{\nopacity:0.8;\nbackground-color:#ffffff;\n}\n<\/style>\n<div id='av_section_1'  class='avia-section av-m66x337h-5b39a89ab998680005113363311e8d5f main_color avia-section-default avia-shadow  avia-builder-el-0  avia-builder-el-no-sibling  avia-full-stretch avia-bg-style-fixed av-section-color-overlay-active container_wrap fullsize'  data-section-bg-repeat='stretch'><div class=\"av-section-color-overlay-wrap\"><div class=\"av-section-color-overlay\"><\/div><div class='container av-section-cont-open' ><main  role=\"main\" itemprop=\"mainContentOfPage\"  class='template-page content  av-content-full alpha units'><div class='post-entry post-entry-type-page post-entry-546'><div class='entry-content-wrapper clearfix'>\n\n<style type=\"text\/css\" data-created_by=\"avia_inline_auto\" id=\"style-css-av-2fgbxe-83e44386beb27007e76009812fc83801\">\n.flex_column.av-2fgbxe-83e44386beb27007e76009812fc83801{\nborder-radius:0px 0px 0px 0px;\npadding:0px 0px 0px 0px;\n}\n<\/style>\n<div  class='flex_column av-2fgbxe-83e44386beb27007e76009812fc83801 av_one_full  avia-builder-el-1  el_before_av_three_fifth  avia-builder-el-first  first flex_column_div av-zero-column-padding  '     ><p>\n<style type=\"text\/css\" data-created_by=\"avia_inline_auto\" id=\"style-css-av-27lbnm-99bf578c7f106774d6b955e75fdc6240\">\n#top .av-special-heading.av-27lbnm-99bf578c7f106774d6b955e75fdc6240{\npadding-bottom:10px;\ncolor:#000000;\n}\nbody .av-special-heading.av-27lbnm-99bf578c7f106774d6b955e75fdc6240 .av-special-heading-tag .heading-char{\nfont-size:25px;\n}\n.av-special-heading.av-27lbnm-99bf578c7f106774d6b955e75fdc6240 .special-heading-inner-border{\nborder-color:#000000;\n}\n.av-special-heading.av-27lbnm-99bf578c7f106774d6b955e75fdc6240 .av-subheading{\nfont-size:17px;\n}\n<\/style>\n<div  class='av-special-heading av-27lbnm-99bf578c7f106774d6b955e75fdc6240 av-special-heading-h1 custom-color-heading blockquote modern-quote modern-centered  avia-builder-el-2  el_before_av_hr  avia-builder-el-first '><h1 class='av-special-heading-tag '  itemprop=\"headline\"  >Philosophie<\/h1><div class=\"special-heading-border\"><div class=\"special-heading-inner-border\"><\/div><\/div><\/div><br \/>\n\n<style type=\"text\/css\" data-created_by=\"avia_inline_auto\" id=\"style-css-av-m66xf672-6d95d509d5a885e2b62502e979ba3643\">\n#top .hr.av-m66xf672-6d95d509d5a885e2b62502e979ba3643{\nmargin-top:0px;\nmargin-bottom:30px;\n}\n.hr.av-m66xf672-6d95d509d5a885e2b62502e979ba3643 .hr-inner{\nwidth:400px;\nborder-color:#f57c20;\n}\n<\/style>\n<div  class='hr av-m66xf672-6d95d509d5a885e2b62502e979ba3643 hr-custom  avia-builder-el-3  el_after_av_heading  avia-builder-el-last  hr-center hr-icon-no'><span class='hr-inner inner-border-av-border-fat'><span class=\"hr-inner-style\"><\/span><\/span><\/div><\/p><\/div>\n<style type=\"text\/css\" data-created_by=\"avia_inline_auto\" id=\"style-css-av-23009m-a036f06f14b319be1aae1d955fa5e47e\">\n.flex_column.av-23009m-a036f06f14b319be1aae1d955fa5e47e{\nborder-radius:0px 0px 0px 0px;\npadding:0px 0px 0px 0px;\n}\n<\/style>\n<div  class='flex_column av-23009m-a036f06f14b319be1aae1d955fa5e47e av_three_fifth  avia-builder-el-4  el_after_av_one_full  el_before_av_two_fifth  first flex_column_div av-zero-column-padding  column-top-margin'     ><p>\n<style type=\"text\/css\" data-created_by=\"avia_inline_auto\" id=\"style-css-av-m66xhacd-f0292deda2256316fd2ec3cccd87cf79\">\n#top .av-special-heading.av-m66xhacd-f0292deda2256316fd2ec3cccd87cf79{\npadding-bottom:10px;\n}\nbody .av-special-heading.av-m66xhacd-f0292deda2256316fd2ec3cccd87cf79 .av-special-heading-tag .heading-char{\nfont-size:25px;\n}\n.av-special-heading.av-m66xhacd-f0292deda2256316fd2ec3cccd87cf79 .av-subheading{\nfont-size:15px;\n}\n<\/style>\n<div  class='av-special-heading av-m66xhacd-f0292deda2256316fd2ec3cccd87cf79 av-special-heading-h2 blockquote modern-quote  avia-builder-el-5  el_before_av_hr  avia-builder-el-first '><h2 class='av-special-heading-tag '  itemprop=\"headline\"  >Lernen Sie uns kennen<\/h2><div class=\"special-heading-border\"><div class=\"special-heading-inner-border\"><\/div><\/div><\/div><br \/>\n\n<style type=\"text\/css\" data-created_by=\"avia_inline_auto\" id=\"style-css-av-m66xhlgp-552eaf01a82158683929a8d395e7f558\">\n#top .hr.av-m66xhlgp-552eaf01a82158683929a8d395e7f558{\nmargin-top:0px;\nmargin-bottom:30px;\n}\n.hr.av-m66xhlgp-552eaf01a82158683929a8d395e7f558 .hr-inner{\nwidth:100px;\nborder-color:#f57c20;\n}\n<\/style>\n<div  class='hr av-m66xhlgp-552eaf01a82158683929a8d395e7f558 hr-custom  avia-builder-el-6  el_after_av_heading  el_before_av_textblock  hr-left hr-icon-no'><span class='hr-inner inner-border-av-border-fat'><span class=\"hr-inner-style\"><\/span><\/span><\/div><br \/>\n\n<style type=\"text\/css\" data-created_by=\"avia_inline_auto\" id=\"style-css-av-m66xgv6l-506578db2519c85aa51aa47a8795111e\">\n#top .av_textblock_section.av-m66xgv6l-506578db2519c85aa51aa47a8795111e .avia_textblock{\ncolor:#000000;\n}\n<\/style>\n<section  class='av_textblock_section av-m66xgv6l-506578db2519c85aa51aa47a8795111e '   itemscope=\"itemscope\" itemtype=\"https:\/\/schema.org\/CreativeWork\" ><div class='avia_textblock av_inherit_color'  itemprop=\"text\" ><p style=\"text-align: left;\">Wir glaube ich an durchachte, nachhaltige und funktionale Technik. Die Anforderung eines jeden Unternehmens wird von uns mit Pr\u00e4zision und Erfahrung entwickelt und umgesetzt. Unser Ziel ist es, Ihnen mehr als nur funktionierende Elektronik zu liefern. Gemeinsam mit Ihnen schaffe ich zukunftssichere L\u00f6sungen, die Ihnen und Ihrem Unternehmen einen Mehrwert bieten. Sowohl technisch, als auch wirtschaftlich f\u00fcr Ihren Betrieb.<\/p>\n<\/div><\/section><\/p><\/div>\n<style type=\"text\/css\" data-created_by=\"avia_inline_auto\" id=\"style-css-av-1wi9wy-599f7774ec292f8b36dd85115ab40770\">\n.flex_column.av-1wi9wy-599f7774ec292f8b36dd85115ab40770{\nborder-radius:0px 0px 0px 0px;\npadding:0px 0px 0px 0px;\n}\n<\/style>\n<div  class='flex_column av-1wi9wy-599f7774ec292f8b36dd85115ab40770 av_two_fifth  avia-builder-el-8  el_after_av_three_fifth  el_before_av_hr  flex_column_div av-zero-column-padding  column-top-margin'     ><style type=\"text\/css\" data-created_by=\"avia_inline_auto\" id=\"style-css-av-1o8r9m-75d1d60b174c63ca36949a0c843dc563\">\n.avia-image-container.av-1o8r9m-75d1d60b174c63ca36949a0c843dc563 img.avia_image{\nbox-shadow:none;\n}\n.avia-image-container.av-1o8r9m-75d1d60b174c63ca36949a0c843dc563 .av-image-caption-overlay-center{\ncolor:#ffffff;\n}\n<\/style>\n<div  class='avia-image-container av-1o8r9m-75d1d60b174c63ca36949a0c843dc563 av-styling- avia-align-center  avia-builder-el-9  avia-builder-el-no-sibling '   itemprop=\"image\" itemscope=\"itemscope\" itemtype=\"https:\/\/schema.org\/ImageObject\" ><div class=\"avia-image-container-inner\"><div class=\"avia-image-overlay-wrap\"><img decoding=\"async\" fetchpriority=\"high\" class='wp-image-633 avia-img-lazy-loading-not-633 avia_image ' src=\"https:\/\/www.ingenieurbuero-mueller.de\/wp-content\/uploads\/2025\/09\/Ingenieurbuero-Domink-Mueller-Philosopie.png\" alt='' title='Ingenieurb\u00fcro Domink M\u00fcller - Philosopie'  height=\"400\" width=\"600\"  itemprop=\"thumbnailUrl\" srcset=\"https:\/\/www.ingenieurbuero-mueller.de\/wp-content\/uploads\/2025\/09\/Ingenieurbuero-Domink-Mueller-Philosopie.png 600w, https:\/\/www.ingenieurbuero-mueller.de\/wp-content\/uploads\/2025\/09\/Ingenieurbuero-Domink-Mueller-Philosopie-300x200.png 300w\" sizes=\"(max-width: 600px) 100vw, 600px\" \/><\/div><\/div><\/div><\/div>\n<style type=\"text\/css\" data-created_by=\"avia_inline_auto\" id=\"style-css-av-mg53rm1v-f343751ef7cf727eb34cb5a65e41b78d\">\n#top .hr.hr-invisible.av-mg53rm1v-f343751ef7cf727eb34cb5a65e41b78d{\nheight:75px;\n}\n<\/style>\n<div  class='hr av-mg53rm1v-f343751ef7cf727eb34cb5a65e41b78d hr-invisible  avia-builder-el-10  el_after_av_two_fifth  el_before_av_one_full '><span class='hr-inner '><span class=\"hr-inner-style\"><\/span><\/span><\/div>\n\n<style type=\"text\/css\" data-created_by=\"avia_inline_auto\" id=\"style-css-av-1ycuiq-cbff5b109053e267a86962d790fba76d\">\n.flex_column.av-1ycuiq-cbff5b109053e267a86962d790fba76d{\nborder-radius:0px 0px 0px 0px;\npadding:0px 0px 0px 0px;\n}\n<\/style>\n<div  class='flex_column av-1ycuiq-cbff5b109053e267a86962d790fba76d av_one_full  avia-builder-el-11  el_after_av_hr  el_before_av_one_fifth  first flex_column_div av-zero-column-padding  '     ><p>\n<style type=\"text\/css\" data-created_by=\"avia_inline_auto\" id=\"style-css-av-mg53qzzd-da26c9308221582bce3b002ef6c7d30e\">\n#top .av-special-heading.av-mg53qzzd-da26c9308221582bce3b002ef6c7d30e{\npadding-bottom:10px;\n}\nbody .av-special-heading.av-mg53qzzd-da26c9308221582bce3b002ef6c7d30e .av-special-heading-tag .heading-char{\nfont-size:25px;\n}\n.av-special-heading.av-mg53qzzd-da26c9308221582bce3b002ef6c7d30e .av-subheading{\nfont-size:15px;\n}\n<\/style>\n<div  class='av-special-heading av-mg53qzzd-da26c9308221582bce3b002ef6c7d30e av-special-heading-h2 blockquote modern-quote modern-centered  avia-builder-el-12  el_before_av_hr  avia-builder-el-first '><h2 class='av-special-heading-tag '  itemprop=\"headline\"  >Dabei setze ich auf<\/h2><div class=\"special-heading-border\"><div class=\"special-heading-inner-border\"><\/div><\/div><\/div><br \/>\n\n<style type=\"text\/css\" data-created_by=\"avia_inline_auto\" id=\"style-css-av-mg53rc2t-d1cc43d71ec5bad1aa5654be87ffa351\">\n#top .hr.av-mg53rc2t-d1cc43d71ec5bad1aa5654be87ffa351{\nmargin-top:0px;\nmargin-bottom:30px;\n}\n.hr.av-mg53rc2t-d1cc43d71ec5bad1aa5654be87ffa351 .hr-inner{\nwidth:100px;\nborder-color:#f57c20;\n}\n<\/style>\n<div  class='hr av-mg53rc2t-d1cc43d71ec5bad1aa5654be87ffa351 hr-custom  avia-builder-el-13  el_after_av_heading  avia-builder-el-last  hr-center hr-icon-no'><span class='hr-inner inner-border-av-border-fat'><span class=\"hr-inner-style\"><\/span><\/span><\/div><\/p><\/div><div  class='flex_column av-1sj2tm-8765ae038539782a3a4d5a3c3dbb96be av_one_fifth  avia-builder-el-14  el_after_av_one_full  el_before_av_one_fifth  first flex_column_div  column-top-margin'     ><p>\n<style type=\"text\/css\" data-created_by=\"avia_inline_auto\" id=\"style-css-av-mg53zez1-0467a626668366551326063f9ac92488\">\n.av_font_icon.av-mg53zez1-0467a626668366551326063f9ac92488{\ncolor:#f57c20;\nborder-color:#f57c20;\n}\n.av_font_icon.av-mg53zez1-0467a626668366551326063f9ac92488 .av-icon-char{\nfont-size:40px;\nline-height:40px;\n}\n<\/style>\n<span  class='av_font_icon av-mg53zez1-0467a626668366551326063f9ac92488 avia_animate_when_visible av-icon-style- avia-icon-pos-center'><span class='av-icon-char' aria-hidden='true' data-av_icon='\ue864' data-av_iconfont='entypo-fontello' ><\/span><\/span><br \/>\n\n<style type=\"text\/css\" data-created_by=\"avia_inline_auto\" id=\"style-css-av-mg540x4t-78689c1ba34b0066595691033a7b12a6\">\n#top .hr.hr-invisible.av-mg540x4t-78689c1ba34b0066595691033a7b12a6{\nheight:30px;\n}\n<\/style>\n<div  class='hr av-mg540x4t-78689c1ba34b0066595691033a7b12a6 hr-invisible  avia-builder-el-16  el_after_av_font_icon  el_before_av_textblock '><span class='hr-inner '><span class=\"hr-inner-style\"><\/span><\/span><\/div><br \/>\n<section  class='av_textblock_section av-mg53znnb-0b345a5d2764fc5ff0457a543f552583 '   itemscope=\"itemscope\" itemtype=\"https:\/\/schema.org\/CreativeWork\" ><div class='avia_textblock'  itemprop=\"text\" ><h3 style=\"text-align: center;\">Ganzheitliches Denken<\/h3>\n<p style=\"text-align: center;\">Ich betrachte jedes Projekt im Gesamtkontext. Begonnen bei der Idee, \u00fcber die Umsetzung bis hin zur Serienreife.<\/p>\n<\/div><\/section><\/p><\/div><div  class='flex_column av-1mbvbu-6461f1f9e2196ca587f9d9407aecfc38 av_one_fifth  avia-builder-el-18  el_after_av_one_fifth  el_before_av_one_fifth  flex_column_div  column-top-margin'     ><p>\n<style type=\"text\/css\" data-created_by=\"avia_inline_auto\" id=\"style-css-av-mg5416jg-2e6d0b54a494c8b4f8dacfd38898f3db\">\n.av_font_icon.av-mg5416jg-2e6d0b54a494c8b4f8dacfd38898f3db{\ncolor:#f57c20;\nborder-color:#f57c20;\n}\n.av_font_icon.av-mg5416jg-2e6d0b54a494c8b4f8dacfd38898f3db .av-icon-char{\nfont-size:40px;\nline-height:40px;\n}\n<\/style>\n<span  class='av_font_icon av-mg5416jg-2e6d0b54a494c8b4f8dacfd38898f3db avia_animate_when_visible av-icon-style- avia-icon-pos-center'><span class='av-icon-char' aria-hidden='true' data-av_icon='\ue839' data-av_iconfont='entypo-fontello' ><\/span><\/span><br \/>\n\n<style type=\"text\/css\" data-created_by=\"avia_inline_auto\" id=\"style-css-av-1h106q-75630badc32f6d773f8450a6a3aa5ff5\">\n#top .hr.hr-invisible.av-1h106q-75630badc32f6d773f8450a6a3aa5ff5{\nheight:30px;\n}\n<\/style>\n<div  class='hr av-1h106q-75630badc32f6d773f8450a6a3aa5ff5 hr-invisible  avia-builder-el-20  el_after_av_font_icon  el_before_av_textblock '><span class='hr-inner '><span class=\"hr-inner-style\"><\/span><\/span><\/div><br \/>\n<section  class='av_textblock_section av-mg5423vz-967d5f21c380c96aaaf5428e3ab8da7b '   itemscope=\"itemscope\" itemtype=\"https:\/\/schema.org\/CreativeWork\" ><div class='avia_textblock'  itemprop=\"text\" ><h3 style=\"text-align: center;\">Modulare Flexibilit\u00e4t<\/h3>\n<p style=\"text-align: center;\">Sie k\u00f6nnen jede Projektphase einzeln bei mir beauftragen. Sie erhalten meine Unterst\u00fctzung genau da, wo Sie diese ben\u00f6tigen.<\/p>\n<\/div><\/section><\/p><\/div><div  class='flex_column av-17whsq-f4b62b76378d62d45c12644614623f37 av_one_fifth  avia-builder-el-22  el_after_av_one_fifth  el_before_av_one_fifth  flex_column_div  column-top-margin'     ><p>\n<style type=\"text\/css\" data-created_by=\"avia_inline_auto\" id=\"style-css-av-mg542bow-e8af103a623309732c4a414359307dfc\">\n.av_font_icon.av-mg542bow-e8af103a623309732c4a414359307dfc{\ncolor:#f57c20;\nborder-color:#f57c20;\n}\n.av_font_icon.av-mg542bow-e8af103a623309732c4a414359307dfc .av-icon-char{\nfont-size:40px;\nline-height:40px;\n}\n<\/style>\n<span  class='av_font_icon av-mg542bow-e8af103a623309732c4a414359307dfc avia_animate_when_visible av-icon-style- avia-icon-pos-center'><span class='av-icon-char' aria-hidden='true' data-av_icon='\ue803' data-av_iconfont='entypo-fontello' ><\/span><\/span><br \/>\n\n<style type=\"text\/css\" data-created_by=\"avia_inline_auto\" id=\"style-css-av-14s7cy-8d1ec696b207fcf02afd40912ff7bbfa\">\n#top .hr.hr-invisible.av-14s7cy-8d1ec696b207fcf02afd40912ff7bbfa{\nheight:30px;\n}\n<\/style>\n<div  class='hr av-14s7cy-8d1ec696b207fcf02afd40912ff7bbfa hr-invisible  avia-builder-el-24  el_after_av_font_icon  el_before_av_textblock '><span class='hr-inner '><span class=\"hr-inner-style\"><\/span><\/span><\/div><br \/>\n<section  class='av_textblock_section av-mg542xvv-91a2adf398e861030da549354dfabf8a '   itemscope=\"itemscope\" itemtype=\"https:\/\/schema.org\/CreativeWork\" ><div class='avia_textblock'  itemprop=\"text\" ><h3 style=\"text-align: center;\">Transparente Zusammenarbeit<\/h3>\n<p style=\"text-align: center;\">F\u00fcr mich ist eine transparente Kommunikation auf Augenh\u00f6he selbstverst\u00e4ndlich.<\/p>\n<\/div><\/section><\/p><\/div><div  class='flex_column av-ykgkq-4672d8ac88ef8ee41638c3d2d719dbaf av_one_fifth  avia-builder-el-26  el_after_av_one_fifth  el_before_av_one_fifth  flex_column_div  column-top-margin'     ><p>\n<style type=\"text\/css\" data-created_by=\"avia_inline_auto\" id=\"style-css-av-mg5437tp-3967eedc89274c3c229c214d9cc09fb5\">\n.av_font_icon.av-mg5437tp-3967eedc89274c3c229c214d9cc09fb5{\ncolor:#f57c20;\nborder-color:#f57c20;\n}\n.av_font_icon.av-mg5437tp-3967eedc89274c3c229c214d9cc09fb5 .av-icon-char{\nfont-size:40px;\nline-height:40px;\n}\n<\/style>\n<span  class='av_font_icon av-mg5437tp-3967eedc89274c3c229c214d9cc09fb5 avia_animate_when_visible av-icon-style- avia-icon-pos-center'><span class='av-icon-char' aria-hidden='true' data-av_icon='\ue855' data-av_iconfont='entypo-fontello' ><\/span><\/span><br \/>\n\n<style type=\"text\/css\" data-created_by=\"avia_inline_auto\" id=\"style-css-av-2tl22-93e1a70595c40c9d6e90b59f22fefd1d\">\n#top .hr.hr-invisible.av-2tl22-93e1a70595c40c9d6e90b59f22fefd1d{\nheight:30px;\n}\n<\/style>\n<div  class='hr av-2tl22-93e1a70595c40c9d6e90b59f22fefd1d hr-invisible  avia-builder-el-28  el_after_av_font_icon  el_before_av_textblock '><span class='hr-inner '><span class=\"hr-inner-style\"><\/span><\/span><\/div><br \/>\n<section  class='av_textblock_section av-mg543wf9-cb4912e63b155a1788861a1462b68c73 '   itemscope=\"itemscope\" itemtype=\"https:\/\/schema.org\/CreativeWork\" ><div class='avia_textblock'  itemprop=\"text\" ><h3 style=\"text-align: center;\">Verantwortungsvolle Entwicklung<\/h3>\n<p style=\"text-align: center;\">Gerade bei Anwendungen in kritischer Infrastruktur sind Qualit\u00e4t, Sicherheit und Normenkonformit\u00e4t unverzichtbar.<\/p>\n<\/div><\/section><\/p><\/div><div  class='flex_column av-iphsi-95eee5acf14109645eb00e613c0fbd98 av_one_fifth  avia-builder-el-30  el_after_av_one_fifth  el_before_av_hr  flex_column_div  column-top-margin'     ><p>\n<style type=\"text\/css\" data-created_by=\"avia_inline_auto\" id=\"style-css-av-mg5444kv-2ca5f3c1f628d00320f5e3896af466c9\">\n.av_font_icon.av-mg5444kv-2ca5f3c1f628d00320f5e3896af466c9{\ncolor:#f57c20;\nborder-color:#f57c20;\n}\n.av_font_icon.av-mg5444kv-2ca5f3c1f628d00320f5e3896af466c9 .av-icon-char{\nfont-size:40px;\nline-height:40px;\n}\n<\/style>\n<span  class='av_font_icon av-mg5444kv-2ca5f3c1f628d00320f5e3896af466c9 avia_animate_when_visible av-icon-style- avia-icon-pos-center'><span class='av-icon-char' aria-hidden='true' data-av_icon='\ue82b' data-av_iconfont='entypo-fontello' ><\/span><\/span><br \/>\n\n<style type=\"text\/css\" data-created_by=\"avia_inline_auto\" id=\"style-css-av-f91uq-9ba18a2a807c2df54402cca949312964\">\n#top .hr.hr-invisible.av-f91uq-9ba18a2a807c2df54402cca949312964{\nheight:30px;\n}\n<\/style>\n<div  class='hr av-f91uq-9ba18a2a807c2df54402cca949312964 hr-invisible  avia-builder-el-32  el_after_av_font_icon  el_before_av_textblock '><span class='hr-inner '><span class=\"hr-inner-style\"><\/span><\/span><\/div><br \/>\n<section  class='av_textblock_section av-mg544xb9-84413ed55c9495c311843aa7ddcf0969 '   itemscope=\"itemscope\" itemtype=\"https:\/\/schema.org\/CreativeWork\" ><div class='avia_textblock'  itemprop=\"text\" ><h3 style=\"text-align: center;\">Made to Fit<\/h3>\n<p style=\"text-align: center;\">Bei mir erhalten Sie keine L\u00f6sung von der Stange. Ich entwickle immer individuell, genau so wie es Ihr Projekt verlangt.<\/p>\n<\/div><\/section><\/p><\/div>\n<style type=\"text\/css\" data-created_by=\"avia_inline_auto\" id=\"style-css-av-bjtk2-fd75ba986c37b7f30c43b46c2ca66c82\">\n#top .hr.hr-invisible.av-bjtk2-fd75ba986c37b7f30c43b46c2ca66c82{\nheight:100px;\n}\n<\/style>\n<div  class='hr av-bjtk2-fd75ba986c37b7f30c43b46c2ca66c82 hr-invisible  avia-builder-el-34  el_after_av_one_fifth  avia-builder-el-last '><span class='hr-inner '><span class=\"hr-inner-style\"><\/span><\/span><\/div>\n\n","protected":false},"excerpt":{"rendered":"","protected":false},"author":3,"featured_media":0,"parent":0,"menu_order":0,"comment_status":"closed","ping_status":"closed","template":"","meta":{"footnotes":""},"class_list":["post-546","page","type-page","status-publish","hentry"],"_links":{"self":[{"href":"https:\/\/www.ingenieurbuero-mueller.de\/index.php?rest_route=\/wp\/v2\/pages\/546","targetHints":{"allow":["GET"]}}],"collection":[{"href":"https:\/\/www.ingenieurbuero-mueller.de\/index.php?rest_route=\/wp\/v2\/pages"}],"about":[{"href":"https:\/\/www.ingenieurbuero-mueller.de\/index.php?rest_route=\/wp\/v2\/types\/page"}],"author":[{"embeddable":true,"href":"https:\/\/www.ingenieurbuero-mueller.de\/index.php?rest_route=\/wp\/v2\/users\/3"}],"replies":[{"embeddable":true,"href":"https:\/\/www.ingenieurbuero-mueller.de\/index.php?rest_route=%2Fwp%2Fv2%2Fcomments&post=546"}],"version-history":[{"count":21,"href":"https:\/\/www.ingenieurbuero-mueller.de\/index.php?rest_route=\/wp\/v2\/pages\/546\/revisions"}],"predecessor-version":[{"id":693,"href":"https:\/\/www.ingenieurbuero-mueller.de\/index.php?rest_route=\/wp\/v2\/pages\/546\/revisions\/693"}],"wp:attachment":[{"href":"https:\/\/www.ingenieurbuero-mueller.de\/index.php?rest_route=%2Fwp%2Fv2%2Fmedia&parent=546"}],"curies":[{"name":"wp","href":"https:\/\/api.w.org\/{rel}","templated":true}]}}