{"id":523,"date":"2025-01-21T20:52:07","date_gmt":"2025-01-21T19:52:07","guid":{"rendered":"https:\/\/www.ingenieurbuero-mueller.de\/?page_id=523"},"modified":"2025-10-14T08:16:34","modified_gmt":"2025-10-14T06:16:34","slug":"kontakt","status":"publish","type":"page","link":"https:\/\/www.ingenieurbuero-mueller.de\/?page_id=523","title":{"rendered":"Kontakt"},"content":{"rendered":"\n<style type=\"text\/css\" data-created_by=\"avia_inline_auto\" id=\"style-css-av-m66w1hqi-9496d75d74794570f2604b35943b5b71\">\n.avia-section.av-m66w1hqi-9496d75d74794570f2604b35943b5b71{\nbackground-repeat:no-repeat;\nbackground-image:url(https:\/\/www.ingenieurbuero-mueller.de\/wp-content\/uploads\/2025\/01\/Elektroingenieurbuero-Dominik-Mueller-Elektroplatine-scaled.jpg);\nbackground-position:50% 100%;\nbackground-attachment:fixed;\n}\n.avia-section.av-m66w1hqi-9496d75d74794570f2604b35943b5b71 .av-section-color-overlay{\nopacity:0.9;\nbackground-color:#ffffff;\n}\n<\/style>\n<div id='av_section_1'  class='avia-section av-m66w1hqi-9496d75d74794570f2604b35943b5b71 main_color avia-section-default avia-shadow  avia-builder-el-0  avia-builder-el-no-sibling  avia-full-stretch avia-bg-style-fixed av-section-color-overlay-active container_wrap fullsize'  data-section-bg-repeat='stretch'><div class=\"av-section-color-overlay-wrap\"><div class=\"av-section-color-overlay\"><\/div><div class='container av-section-cont-open' ><main  role=\"main\" itemprop=\"mainContentOfPage\"  class='template-page content  av-content-full alpha units'><div class='post-entry post-entry-type-page post-entry-523'><div class='entry-content-wrapper clearfix'>\n\n<style type=\"text\/css\" data-created_by=\"avia_inline_auto\" id=\"style-css-av-1w5xgb-db917a619f0dec3b717b7038be10ee6b\">\n.flex_column.av-1w5xgb-db917a619f0dec3b717b7038be10ee6b{\nborder-radius:0px 0px 0px 0px;\npadding:0px 0px 0px 0px;\n}\n<\/style>\n<div  class='flex_column av-1w5xgb-db917a619f0dec3b717b7038be10ee6b av_one_full  avia-builder-el-1  el_before_av_one_third  avia-builder-el-first  first flex_column_div av-zero-column-padding  '     ><p>\n<style type=\"text\/css\" data-created_by=\"avia_inline_auto\" id=\"style-css-av-1srl4r-a3422a93a73ac6f1b55871c1b5339d7a\">\n#top .av-special-heading.av-1srl4r-a3422a93a73ac6f1b55871c1b5339d7a{\npadding-bottom:10px;\ncolor:#000000;\n}\nbody .av-special-heading.av-1srl4r-a3422a93a73ac6f1b55871c1b5339d7a .av-special-heading-tag .heading-char{\nfont-size:25px;\n}\n.av-special-heading.av-1srl4r-a3422a93a73ac6f1b55871c1b5339d7a .special-heading-inner-border{\nborder-color:#000000;\n}\n.av-special-heading.av-1srl4r-a3422a93a73ac6f1b55871c1b5339d7a .av-subheading{\nfont-size:17px;\n}\n<\/style>\n<div  class='av-special-heading av-1srl4r-a3422a93a73ac6f1b55871c1b5339d7a av-special-heading-h1 custom-color-heading blockquote modern-quote modern-centered  avia-builder-el-2  el_before_av_hr  avia-builder-el-first '><h1 class='av-special-heading-tag '  itemprop=\"headline\"  >Ihr direkter Kontakt zu uns!<\/h1><div class=\"special-heading-border\"><div class=\"special-heading-inner-border\"><\/div><\/div><\/div><br \/>\n\n<style type=\"text\/css\" data-created_by=\"avia_inline_auto\" id=\"style-css-av-m66w5v5a-53008434e4ab932fd9acd2a1c4ff7e61\">\n#top .hr.av-m66w5v5a-53008434e4ab932fd9acd2a1c4ff7e61{\nmargin-top:0px;\nmargin-bottom:30px;\n}\n.hr.av-m66w5v5a-53008434e4ab932fd9acd2a1c4ff7e61 .hr-inner{\nwidth:400px;\nborder-color:#f57c20;\n}\n<\/style>\n<div  class='hr av-m66w5v5a-53008434e4ab932fd9acd2a1c4ff7e61 hr-custom  avia-builder-el-3  el_after_av_heading  avia-builder-el-last  hr-center hr-icon-no'><span class='hr-inner inner-border-av-border-thin'><span class=\"hr-inner-style\"><\/span><\/span><\/div><\/p><\/div>\n<style type=\"text\/css\" data-created_by=\"avia_inline_auto\" id=\"style-css-av-1ltdez-28bdbe20cec235ba82507bce159a7a0c\">\n.flex_column.av-1ltdez-28bdbe20cec235ba82507bce159a7a0c{\nborder-radius:0px 0px 0px 0px;\npadding:0px 0px 0px 0px;\n}\n<\/style>\n<div  class='flex_column av-1ltdez-28bdbe20cec235ba82507bce159a7a0c av_one_third  avia-builder-el-4  el_after_av_one_full  el_before_av_two_third  first flex_column_div av-animated-generic bottom-to-top av-zero-column-padding  column-top-margin'     ><section  class='av_textblock_section av-m66w52gr-e08f573b6764a47caffdaac03472cb6c '   itemscope=\"itemscope\" itemtype=\"https:\/\/schema.org\/CreativeWork\" ><div class='avia_textblock'  itemprop=\"text\" ><h2>Adressdaten<\/h2>\n<p><strong>Ingenieurb\u00fcro f\u00fcr Elektronikentwicklung<\/strong><br \/>\n<strong> Dominik M\u00fcller<\/strong><br \/>\nIm Thingers 25<br \/>\n87439 Kempten<\/p>\n<section class=\"av_textblock_section \">\n<div class=\"avia_textblock \">\n\n<style type=\"text\/css\" data-created_by=\"avia_inline_auto\" id=\"style-css-av-q1j5t-7ac73ce9f0e54c4df1f21508dcc0cfc4\">\n.av_font_icon.av-q1j5t-7ac73ce9f0e54c4df1f21508dcc0cfc4{\ncolor:#f49739;\nborder-color:#f49739;\n}\n.av_font_icon.av-q1j5t-7ac73ce9f0e54c4df1f21508dcc0cfc4 .av-icon-char{\nfont-size:24px;\nline-height:24px;\n}\n<\/style>\n<span  class='av_font_icon av-q1j5t-7ac73ce9f0e54c4df1f21508dcc0cfc4 avia_animate_when_visible av-icon-style- avia-icon-pos-left avia-icon-animate'><span class='av-icon-char' aria-hidden='true' data-av_icon='\ue854' data-av_iconfont='entypo-fontello' ><\/span><\/span><\/p>\n<p>Telefon: +49 (0) 831 \/ 590 337 37<\/p>\n<\/div>\n<\/section>\n<section class=\"av_textblock_section \">\n<div class=\"avia_textblock \">\n\n<style type=\"text\/css\" data-created_by=\"avia_inline_auto\" id=\"style-css-av-lc90x-8a205ed8fbcd0d614f769b3dd855c059\">\n.av_font_icon.av-lc90x-8a205ed8fbcd0d614f769b3dd855c059{\ncolor:#f49739;\nborder-color:#f49739;\n}\n.av_font_icon.av-lc90x-8a205ed8fbcd0d614f769b3dd855c059 .av-icon-char{\nfont-size:24px;\nline-height:24px;\n}\n<\/style>\n<span  class='av_font_icon av-lc90x-8a205ed8fbcd0d614f769b3dd855c059 avia_animate_when_visible av-icon-style- avia-icon-pos-left avia-icon-animate'><span class='av-icon-char' aria-hidden='true' data-av_icon='\ue805' data-av_iconfont='entypo-fontello' ><\/span><\/span><\/p>\n<p>Mail:\u00a0<a href=\"mailto:info@ingenieurbuero-mueller.de\">info@ingenieurbuero-mueller.de<\/a><\/p>\n<\/div>\n<\/section>\n<\/div><\/section><\/div>\n<style type=\"text\/css\" data-created_by=\"avia_inline_auto\" id=\"style-css-av-1cdz1v-925d21c1f19d4f6234a8859908aded49\">\n.flex_column.av-1cdz1v-925d21c1f19d4f6234a8859908aded49{\nborder-radius:0px 0px 0px 0px;\npadding:0px 0px 0px 0px;\n}\n<\/style>\n<div  class='flex_column av-1cdz1v-925d21c1f19d4f6234a8859908aded49 av_two_third  avia-builder-el-8  el_after_av_one_third  avia-builder-el-last  flex_column_div av-animated-generic bottom-to-top  column-top-margin'     ><form action=\"https:\/\/www.ingenieurbuero-mueller.de\/?page_id=523\" method=\"post\" data-fields-with-error=\"Fehler wurden in folgenden Feld(ern) gefunden:\" class=\"avia_ajax_form av-form-labels-hidden   avia-builder-el-9  avia-builder-el-no-sibling   \" data-avia-form-id=\"1\" data-avia-redirect='' ><fieldset><p class='  first_form  form_element form_fullwidth' id='element_avia_1_1'><label for=\"avia_1_1\">Vorname, Nachname <abbr class=\"required\" title=\"ben\u00f6tigt\">*<\/abbr><\/label> <input name=\"avia_1_1\" class=\"text_input is_empty\" type=\"text\" id=\"avia_1_1\" value=\"\"  placeholder='Vorname, Nachname*'\/><\/p><p class='  first_form  form_element form_element_half' id='element_avia_2_1'><label for=\"avia_2_1\">Stra\u00dfe, Hausnummer<\/label> <input name=\"avia_2_1\" class=\"text_input \" type=\"text\" id=\"avia_2_1\" value=\"\"  placeholder='Stra\u00dfe, Hausnummer'\/><\/p><p class='  form_element form_element_half' id='element_avia_3_1'><label for=\"avia_3_1\">PLZ, Ort<\/label> <input name=\"avia_3_1\" class=\"text_input \" type=\"text\" id=\"avia_3_1\" value=\"\"  placeholder='PLZ, Ort'\/><\/p><p class='  first_form  form_element form_element_half' id='element_avia_4_1'><label for=\"avia_4_1\">Telefon<\/label> <input name=\"avia_4_1\" class=\"text_input \" type=\"text\" id=\"avia_4_1\" value=\"\"  placeholder='Telefon'\/><\/p><p class='  form_element form_element_half' id='element_avia_5_1'><label for=\"avia_5_1\">E-Mail <abbr class=\"required\" title=\"ben\u00f6tigt\">*<\/abbr><\/label> <input name=\"avia_5_1\" class=\"text_input is_email\" type=\"text\" id=\"avia_5_1\" value=\"\"  placeholder='E-Mail*'\/><\/p><p class='  first_form  form_element form_fullwidth' id='element_avia_6_1'><label for=\"avia_6_1\" class=\"textare_label hidden textare_label_avia_6_1\">Nachricht <abbr class=\"required\" title=\"ben\u00f6tigt\">*<\/abbr><\/label><textarea  placeholder='Nachricht*' name=\"avia_6_1\" class=\"text_area is_empty\" cols=\"40\" rows=\"7\" id=\"avia_6_1\" ><\/textarea><\/p><p class='  first_form  form_element form_fullwidth' id='element_avia_7_1'><input  name=\"avia_7_1\" class=\"input_checkbox is_empty\" type=\"checkbox\" id=\"avia_7_1\" value=\"true\"\/><label class=\"input_checkbox_label\" for=\"avia_7_1\">Ich stimme zu, dass meine Angaben aus dem Kontaktformular zur Beantwortung meiner Anfrage erhoben und verarbeitet werden. Die Daten werden nach abgeschlossener Bearbeitung Ihrer Anfrage gel\u00f6scht. Hinweis: Sie k\u00f6nnen Ihre Einwilligung jederzeit f\u00fcr die Zukunft per E-Mail an info@ingenieurbuero-mueller.de widerrufen. <abbr class=\"required\" title=\"ben\u00f6tigt\">*<\/abbr><\/label><\/p><div id='avia_8_1' class='av-form-text'><p>\nDetaillierte Informationen zum Umgang mit Nutzerdaten finden Sie in unserer Datenschutzerkl\u00e4rung.<\/p>\n<\/div><p class=\"hidden\"><input type=\"text\" name=\"avia_9_1\" class=\"hidden \" id=\"avia_9_1\" value=\"\" \/><\/p><p class='   form_element form_fullwidth' id='element_avia_10_1'><span class='value_verifier_label'>0 + 2 = ?<\/span><input name=\"avia_10_1_verifier\" type=\"hidden\" id=\"avia_10_1_verifier\" value=\"567822744\"\/><label for=\"avia_10_1\">Bitte l\u00f6se die Gleichung. Diese Ma\u00dfnahme dient der Abwehr von Spam <abbr class=\"required\" title=\"ben\u00f6tigt\">*<\/abbr><\/label><input name=\"avia_10_1\" class=\"text_input captcha\" type=\"text\" id=\"avia_10_1\" value=\"\"\/><\/p><p class=\"form_element \"><input type=\"hidden\" value=\"1\" name=\"avia_generated_form1\" \/><input type=\"submit\" value=\"FORMULAR JETZT ABSENDEN\" class=\"button\"  data-sending-label=\"Sende\"\/><\/p><\/fieldset><\/form><div id=\"ajaxresponse_1\" class=\"ajaxresponse ajaxresponse_1 hidden\"><\/div><\/div>\n","protected":false},"excerpt":{"rendered":"","protected":false},"author":3,"featured_media":0,"parent":0,"menu_order":0,"comment_status":"closed","ping_status":"closed","template":"","meta":{"footnotes":""},"class_list":["post-523","page","type-page","status-publish","hentry"],"_links":{"self":[{"href":"https:\/\/www.ingenieurbuero-mueller.de\/index.php?rest_route=\/wp\/v2\/pages\/523","targetHints":{"allow":["GET"]}}],"collection":[{"href":"https:\/\/www.ingenieurbuero-mueller.de\/index.php?rest_route=\/wp\/v2\/pages"}],"about":[{"href":"https:\/\/www.ingenieurbuero-mueller.de\/index.php?rest_route=\/wp\/v2\/types\/page"}],"author":[{"embeddable":true,"href":"https:\/\/www.ingenieurbuero-mueller.de\/index.php?rest_route=\/wp\/v2\/users\/3"}],"replies":[{"embeddable":true,"href":"https:\/\/www.ingenieurbuero-mueller.de\/index.php?rest_route=%2Fwp%2Fv2%2Fcomments&post=523"}],"version-history":[{"count":5,"href":"https:\/\/www.ingenieurbuero-mueller.de\/index.php?rest_route=\/wp\/v2\/pages\/523\/revisions"}],"predecessor-version":[{"id":673,"href":"https:\/\/www.ingenieurbuero-mueller.de\/index.php?rest_route=\/wp\/v2\/pages\/523\/revisions\/673"}],"wp:attachment":[{"href":"https:\/\/www.ingenieurbuero-mueller.de\/index.php?rest_route=%2Fwp%2Fv2%2Fmedia&parent=523"}],"curies":[{"name":"wp","href":"https:\/\/api.w.org\/{rel}","templated":true}]}}